{"id":645,"date":"2019-11-12T23:25:04","date_gmt":"2019-11-12T23:25:04","guid":{"rendered":"http:\/\/silvamathias.com\/?page_id=645"},"modified":"2019-11-13T11:45:18","modified_gmt":"2019-11-13T11:45:18","slug":"consumer-conflits-resolution","status":"publish","type":"page","link":"https:\/\/silvamathias.com\/en\/consumer-conflits-resolution\/","title":{"rendered":"Consumer Conflits Resolution"},"content":{"rendered":"\t\t<div data-elementor-type=\"wp-page\" data-elementor-id=\"645\" class=\"elementor elementor-645\" data-elementor-post-type=\"page\">\n\t\t\t\t\t\t<section class=\"elementor-section elementor-top-section elementor-element elementor-element-0b3be74 elementor-section-boxed elementor-section-height-default elementor-section-height-default\" data-id=\"0b3be74\" data-element_type=\"section\" data-settings=\"{&quot;jet_parallax_layout_list&quot;:[{&quot;jet_parallax_layout_image&quot;:{&quot;url&quot;:&quot;&quot;,&quot;id&quot;:&quot;&quot;,&quot;size&quot;:&quot;&quot;},&quot;_id&quot;:&quot;77d0ab3&quot;,&quot;jet_parallax_layout_image_tablet&quot;:{&quot;url&quot;:&quot;&quot;,&quot;id&quot;:&quot;&quot;,&quot;size&quot;:&quot;&quot;},&quot;jet_parallax_layout_image_mobile&quot;:{&quot;url&quot;:&quot;&quot;,&quot;id&quot;:&quot;&quot;,&quot;size&quot;:&quot;&quot;},&quot;jet_parallax_layout_speed&quot;:{&quot;unit&quot;:&quot;%&quot;,&quot;size&quot;:50,&quot;sizes&quot;:[]},&quot;jet_parallax_layout_type&quot;:&quot;scroll&quot;,&quot;jet_parallax_layout_z_index&quot;:&quot;&quot;,&quot;jet_parallax_layout_bg_x&quot;:50,&quot;jet_parallax_layout_bg_y&quot;:50,&quot;jet_parallax_layout_bg_size&quot;:&quot;auto&quot;,&quot;jet_parallax_layout_animation_prop&quot;:&quot;transform&quot;,&quot;jet_parallax_layout_on&quot;:[&quot;desktop&quot;,&quot;tablet&quot;],&quot;jet_parallax_layout_direction&quot;:null,&quot;jet_parallax_layout_fx_direction&quot;:null,&quot;jet_parallax_layout_bg_x_tablet&quot;:&quot;&quot;,&quot;jet_parallax_layout_bg_x_mobile&quot;:&quot;&quot;,&quot;jet_parallax_layout_bg_y_tablet&quot;:&quot;&quot;,&quot;jet_parallax_layout_bg_y_mobile&quot;:&quot;&quot;,&quot;jet_parallax_layout_bg_size_tablet&quot;:&quot;&quot;,&quot;jet_parallax_layout_bg_size_mobile&quot;:&quot;&quot;}]}\">\n\t\t\t\t\t\t<div class=\"elementor-container elementor-column-gap-default\">\n\t\t\t\t\t<div class=\"elementor-column elementor-col-100 elementor-top-column elementor-element elementor-element-e795536\" data-id=\"e795536\" data-element_type=\"column\">\n\t\t\t<div class=\"elementor-widget-wrap elementor-element-populated\">\n\t\t\t\t\t\t<div class=\"elementor-element elementor-element-59cd004 elementor-widget elementor-widget-text-editor\" data-id=\"59cd004\" data-element_type=\"widget\" data-widget_type=\"text-editor.default\">\n\t\t\t\t<div class=\"elementor-widget-container\">\n\t\t\t\t\t\t\t\t\t<p>Em caso de lit\u00edgio o consumidor pode recorrer a um dos centros de arbitragem do consumo que seguem (escolher o que se aplica \u00e0 \u00e1rea de abrang\u00eancia do centro) :<\/p><ul><li><strong>CNIACC \u2013 Centro Nacional de Informa\u00e7\u00e3o e Arbitragem de Conflitos de Consumo | Faculdade de Direito da Universidade Nova de Lisboa Campus de Campolide, 1099-032 Lisboa |\u00a0<\/strong><a href=\"http:\/\/www.arbitragemdeconsumo.org\/\"><strong>http:\/\/www.arbitragemdeconsumo.org<\/strong><\/a><\/li><li><strong>Centro de Arbitragem de Conflitos de Consumo do Distrito de Coimbra | Av. Fern\u00e3o Magalh\u00e3es, N\u00ba 240, 1\u00ba, 3000-172 Coimbra |\u00a0<\/strong><a href=\"http:\/\/www.centrodearbitragemdecoimbra.com\/\"><strong>http:\/\/www.centrodearbitragemdecoimbra.com<\/strong><\/a><\/li><\/ul><p>(Artigo 18\u00ba, Lei n\u00ba 144\/2015, de 8 de setembro) | Mais informa\u00e7\u00f5es no portal do consumidor:\u00a0<a href=\"http:\/\/www.consumidor.pt\/\"><strong>www.consumidor.pt<\/strong><\/a><\/p>\t\t\t\t\t\t\t\t<\/div>\n\t\t\t\t<\/div>\n\t\t\t\t\t<\/div>\n\t\t<\/div>\n\t\t\t\t\t<\/div>\n\t\t<\/section>\n\t\t\t\t<\/div>\n\t\t","protected":false},"excerpt":{"rendered":"<p>Em caso de lit\u00edgio o consumidor pode recorrer a um dos centros de arbitragem do consumo que seguem (escolher o que se aplica \u00e0 \u00e1rea de abrang\u00eancia do centro) : CNIACC \u2013 Centro Nacional de Informa\u00e7\u00e3o e Arbitragem de Conflitos de Consumo | Faculdade de Direito da Universidade Nova de Lisboa Campus de Campolide, 1099-032 [&hellip;]<\/p>\n","protected":false},"author":1,"featured_media":0,"parent":0,"menu_order":0,"comment_status":"closed","ping_status":"closed","template":"elementor_header_footer","meta":{"_uf_show_specific_survey":0,"_uf_disable_surveys":false,"footnotes":""},"class_list":["post-645","page","type-page","status-publish","hentry"],"aioseo_notices":[],"jetpack_sharing_enabled":true,"_links":{"self":[{"href":"https:\/\/silvamathias.com\/en\/wp-json\/wp\/v2\/pages\/645","targetHints":{"allow":["GET"]}}],"collection":[{"href":"https:\/\/silvamathias.com\/en\/wp-json\/wp\/v2\/pages"}],"about":[{"href":"https:\/\/silvamathias.com\/en\/wp-json\/wp\/v2\/types\/page"}],"author":[{"embeddable":true,"href":"https:\/\/silvamathias.com\/en\/wp-json\/wp\/v2\/users\/1"}],"replies":[{"embeddable":true,"href":"https:\/\/silvamathias.com\/en\/wp-json\/wp\/v2\/comments?post=645"}],"version-history":[{"count":0,"href":"https:\/\/silvamathias.com\/en\/wp-json\/wp\/v2\/pages\/645\/revisions"}],"wp:attachment":[{"href":"https:\/\/silvamathias.com\/en\/wp-json\/wp\/v2\/media?parent=645"}],"curies":[{"name":"wp","href":"https:\/\/api.w.org\/{rel}","templated":true}]}}