{"id":7308,"date":"2022-05-18T15:45:29","date_gmt":"2022-05-18T15:45:29","guid":{"rendered":"https:\/\/silvamathias.com\/?page_id=7308"},"modified":"2022-05-18T15:47:47","modified_gmt":"2022-05-18T15:47:47","slug":"elementor-7308","status":"publish","type":"page","link":"https:\/\/silvamathias.com\/en\/elementor-7308\/","title":{"rendered":"Elementor #7308"},"content":{"rendered":"\t\t<div data-elementor-type=\"wp-page\" data-elementor-id=\"7308\" class=\"elementor elementor-7308\" data-elementor-post-type=\"page\">\n\t\t\t\t\t\t<section class=\"elementor-section elementor-top-section elementor-element elementor-element-4cbdf3b elementor-section-boxed elementor-section-height-default elementor-section-height-default\" data-id=\"4cbdf3b\" data-element_type=\"section\" data-settings=\"{&quot;jet_parallax_layout_list&quot;:[]}\">\n\t\t\t\t\t\t<div class=\"elementor-container elementor-column-gap-default\">\n\t\t\t\t\t<div class=\"elementor-column elementor-col-100 elementor-top-column elementor-element elementor-element-764e9d6\" data-id=\"764e9d6\" data-element_type=\"column\">\n\t\t\t<div class=\"elementor-widget-wrap elementor-element-populated\">\n\t\t\t\t\t\t<div class=\"elementor-element elementor-element-65926da e-checkout-layout-two-column elementor-widget elementor-widget-woocommerce-checkout-page\" data-id=\"65926da\" data-element_type=\"widget\" data-widget_type=\"woocommerce-checkout-page.default\">\n\t\t\t\t<div class=\"elementor-widget-container\">\n\t\t\t\t\t<div class=\"woocommerce\"><div class=\"woocommerce-notices-wrapper\"><\/div><\/div>\t\t\t\t<\/div>\n\t\t\t\t<\/div>\n\t\t\t\t\t<\/div>\n\t\t<\/div>\n\t\t\t\t\t<\/div>\n\t\t<\/section>\n\t\t\t\t<\/div>\n\t\t","protected":false},"excerpt":{"rendered":"<p>Billing Details First Name&nbsp;* Last Name&nbsp;* Company Name&nbsp;(opcional) Pa\u00eds \/ Regi\u00e3o&nbsp;*Portugal Morada&nbsp;* Morada (linha 2)&nbsp;(opcional) C\u00f3digo postal&nbsp;* Localidade do c\u00f3digo postal&nbsp;* Distrito&nbsp;*Seleccione uma op\u00e7\u00e3oA\u00e7oresAveiroBejaBragaBragan\u00e7aCastelo BrancoCoimbra\u00c9voraFaroGuardaLeiriaLisboaMadeiraPortalegrePortoSantar\u00e9mSet\u00fabalViana do CasteloVila RealViseu Phone&nbsp;* Email Address&nbsp;* NIF \/ NIPC&nbsp;(opcional) Ship to a different address? First Name&nbsp;* Last Name&nbsp;* Company Name&nbsp;(opcional) Pa\u00eds \/ Regi\u00e3o&nbsp;*Portugal Morada&nbsp;* Morada (linha 2)&nbsp;(opcional) C\u00f3digo postal&nbsp;* Localidade [&hellip;]<\/p>\n","protected":false},"author":1,"featured_media":0,"parent":0,"menu_order":0,"comment_status":"closed","ping_status":"closed","template":"","meta":{"_uf_show_specific_survey":0,"_uf_disable_surveys":false,"footnotes":""},"class_list":["post-7308","page","type-page","status-publish","hentry"],"aioseo_notices":[],"jetpack_sharing_enabled":true,"_links":{"self":[{"href":"https:\/\/silvamathias.com\/en\/wp-json\/wp\/v2\/pages\/7308","targetHints":{"allow":["GET"]}}],"collection":[{"href":"https:\/\/silvamathias.com\/en\/wp-json\/wp\/v2\/pages"}],"about":[{"href":"https:\/\/silvamathias.com\/en\/wp-json\/wp\/v2\/types\/page"}],"author":[{"embeddable":true,"href":"https:\/\/silvamathias.com\/en\/wp-json\/wp\/v2\/users\/1"}],"replies":[{"embeddable":true,"href":"https:\/\/silvamathias.com\/en\/wp-json\/wp\/v2\/comments?post=7308"}],"version-history":[{"count":4,"href":"https:\/\/silvamathias.com\/en\/wp-json\/wp\/v2\/pages\/7308\/revisions"}],"predecessor-version":[{"id":7312,"href":"https:\/\/silvamathias.com\/en\/wp-json\/wp\/v2\/pages\/7308\/revisions\/7312"}],"wp:attachment":[{"href":"https:\/\/silvamathias.com\/en\/wp-json\/wp\/v2\/media?parent=7308"}],"curies":[{"name":"wp","href":"https:\/\/api.w.org\/{rel}","templated":true}]}}